{"id":10329,"date":"2021-07-14T14:31:11","date_gmt":"2021-07-14T06:31:11","guid":{"rendered":"https:\/\/projectmars1.wpengine.com\/%e7%81%ab%e6%98%9f%e4%ba%ba%e8%a9%a6%e9%a9%97\/"},"modified":"2024-12-12T08:25:17","modified_gmt":"2024-12-12T08:25:17","slug":"about-us","status":"publish","type":"page","link":"https:\/\/projectmars.au\/ro\/about-us\/","title":{"rendered":"despre noi"},"content":{"rendered":"<div data-elementor-type=\"wp-page\" data-elementor-id=\"10329\" class=\"elementor elementor-10329\" data-elementor-post-type=\"page\">\n\t\t\t\t\t\t<section class=\"elementor-section elementor-top-section elementor-element elementor-element-28155f5 elementor-section-full_width elementor-section-height-default elementor-section-height-default\" data-id=\"28155f5\" data-element_type=\"section\" data-e-type=\"section\">\n\t\t\t\t\t\t<div class=\"elementor-container elementor-column-gap-default\">\n\t\t\t\t\t<div class=\"elementor-column elementor-col-100 elementor-top-column elementor-element elementor-element-dd092ce\" data-id=\"dd092ce\" data-element_type=\"column\" data-e-type=\"column\">\n\t\t\t<div class=\"elementor-widget-wrap elementor-element-populated\">\n\t\t\t\t\t\t<div class=\"elementor-element elementor-element-f372c00 jet-breadcrumbs-on-front-yes jet-breadcrumbs-align-left elementor-widget elementor-widget-jet-breadcrumbs\" data-id=\"f372c00\" data-element_type=\"widget\" data-e-type=\"widget\" data-widget_type=\"jet-breadcrumbs.default\">\n\t\t\t\t<div class=\"elementor-widget-container\">\n\t\t\t\t\t<div class=\"elementor-jet-breadcrumbs jet-blocks\">\n\t\t<div class=\"jet-breadcrumbs\">\n\t\t<div class=\"jet-breadcrumbs__content\">\n\t\t<div class=\"jet-breadcrumbs__wrap\"><div class=\"jet-breadcrumbs__item\"><a href=\"https:\/\/projectmars.au\/ro\/\" class=\"jet-breadcrumbs__item-link is-home\" rel=\"home\" title=\"Acas\u0103\">Acas\u0103<\/a><\/div>\n\t\t<\/div>\n\t\t<\/div>\n\t\t<\/div><\/div>\t\t\t\t<\/div>\n\t\t\t\t<\/div>\n\t\t\t\t\t<\/div>\n\t\t<\/div>\n\t\t\t\t\t<\/div>\n\t\t<\/section>\n\t\t\t\t<section class=\"elementor-section elementor-top-section elementor-element elementor-element-f6ef627 elementor-section-height-min-height elementor-section-boxed elementor-section-height-default elementor-section-items-middle\" data-id=\"f6ef627\" data-element_type=\"section\" data-e-type=\"section\" data-settings=\"{&quot;background_background&quot;:&quot;classic&quot;}\">\n\t\t\t\t\t\t\t<div class=\"elementor-background-overlay\"><\/div>\n\t\t\t\t\t\t\t<div class=\"elementor-container elementor-column-gap-default\">\n\t\t\t\t\t<div class=\"elementor-column elementor-col-100 elementor-top-column elementor-element elementor-element-047bf89\" data-id=\"047bf89\" data-element_type=\"column\" data-e-type=\"column\">\n\t\t\t<div class=\"elementor-widget-wrap elementor-element-populated\">\n\t\t\t\t\t\t<div class=\"elementor-element elementor-element-b438cc8 elementor-widget elementor-widget-text-editor\" data-id=\"b438cc8\" data-element_type=\"widget\" data-e-type=\"widget\" data-widget_type=\"text-editor.default\">\n\t\t\t\t<div class=\"elementor-widget-container\">\n\t\t\t\t\t\t\t\t\t<p>Proiectul Marte\u00a0<\/p>\t\t\t\t\t\t\t\t<\/div>\n\t\t\t\t<\/div>\n\t\t\t\t<div class=\"elementor-element elementor-element-8027f66 elementor-widget elementor-widget-heading\" data-id=\"8027f66\" data-element_type=\"widget\" data-e-type=\"widget\" data-widget_type=\"heading.default\">\n\t\t\t\t<div class=\"elementor-widget-container\">\n\t\t\t\t\t<h1 class=\"elementor-heading-title elementor-size-default\">despre noi<\/h1>\t\t\t\t<\/div>\n\t\t\t\t<\/div>\n\t\t\t\t\t<\/div>\n\t\t<\/div>\n\t\t\t\t\t<\/div>\n\t\t<\/section>\n\t\t\t\t<section class=\"elementor-section elementor-top-section elementor-element elementor-element-1465d0a elementor-section-boxed elementor-section-height-default elementor-section-height-default\" data-id=\"1465d0a\" data-element_type=\"section\" data-e-type=\"section\" data-settings=\"{&quot;background_background&quot;:&quot;classic&quot;}\">\n\t\t\t\t\t\t<div class=\"elementor-container elementor-column-gap-default\">\n\t\t\t\t\t<div class=\"elementor-column elementor-col-50 elementor-top-column elementor-element elementor-element-2f4f551a\" data-id=\"2f4f551a\" data-element_type=\"column\" data-e-type=\"column\" data-settings=\"{&quot;background_background&quot;:&quot;classic&quot;}\">\n\t\t\t<div class=\"elementor-widget-wrap elementor-element-populated\">\n\t\t\t\t\t<div class=\"elementor-background-overlay\"><\/div>\n\t\t\t\t\t\t<div class=\"elementor-element elementor-element-29a32c0e elementor-widget elementor-widget-image\" data-id=\"29a32c0e\" data-element_type=\"widget\" data-e-type=\"widget\" data-widget_type=\"image.default\">\n\t\t\t\t<div class=\"elementor-widget-container\">\n\t\t\t\t\t\t\t\t\t\t\t\t<figure class=\"wp-caption\">\n\t\t\t\t\t\t\t\t\t\t<img fetchpriority=\"high\" decoding=\"async\" width=\"2560\" height=\"1707\" src=\"https:\/\/projectmars.au\/wp-content\/uploads\/2023\/01\/DSC05433-scaled.jpg\" class=\"attachment-full size-full wp-image-29932\" alt=\"pisooka mini massage gun\" srcset=\"https:\/\/projectmars.au\/wp-content\/uploads\/2023\/01\/DSC05433-scaled.jpg 2560w, https:\/\/projectmars.au\/wp-content\/uploads\/2023\/01\/DSC05433-400x267.jpg 400w, https:\/\/projectmars.au\/wp-content\/uploads\/2023\/01\/DSC05433-1200x800.jpg 1200w, https:\/\/projectmars.au\/wp-content\/uploads\/2023\/01\/DSC05433-768x512.jpg 768w, https:\/\/projectmars.au\/wp-content\/uploads\/2023\/01\/DSC05433-1536x1024.jpg 1536w, https:\/\/projectmars.au\/wp-content\/uploads\/2023\/01\/DSC05433-2048x1365.jpg 2048w, https:\/\/projectmars.au\/wp-content\/uploads\/2023\/01\/DSC05433-18x12.jpg 18w, https:\/\/projectmars.au\/wp-content\/uploads\/2023\/01\/DSC05433-900x600.jpg 900w\" sizes=\"(max-width: 2560px) 100vw, 2560px\" title=\"pisooka mini pistol de masaj\">\t\t\t\t\t\t\t\t\t\t\t<figcaption class=\"widget-image-caption wp-caption-text\"><\/figcaption>\n\t\t\t\t\t\t\t\t\t\t<\/figure>\n\t\t\t\t\t\t\t\t\t<\/div>\n\t\t\t\t<\/div>\n\t\t\t\t\t<\/div>\n\t\t<\/div>\n\t\t\t\t<div class=\"elementor-column elementor-col-50 elementor-top-column elementor-element elementor-element-6ad9b95f\" data-id=\"6ad9b95f\" data-element_type=\"column\" data-e-type=\"column\">\n\t\t\t<div class=\"elementor-widget-wrap elementor-element-populated\">\n\t\t\t\t\t\t<div class=\"elementor-element elementor-element-66f57d18 elementor-widget elementor-widget-heading\" data-id=\"66f57d18\" data-element_type=\"widget\" data-e-type=\"widget\" data-widget_type=\"heading.default\">\n\t\t\t\t<div class=\"elementor-widget-container\">\n\t\t\t\t\t<h2 class=\"elementor-heading-title elementor-size-default\">Face\u021bi masajul mai u\u0219or<br>\nUN VIITOR S\u0102N\u0102TOS, PROPRIU ACUM<\/h2>\t\t\t\t<\/div>\n\t\t\t\t<\/div>\n\t\t\t\t<div class=\"elementor-element elementor-element-240e7507 elementor-widget elementor-widget-text-editor\" data-id=\"240e7507\" data-element_type=\"widget\" data-e-type=\"widget\" data-widget_type=\"text-editor.default\">\n\t\t\t\t<div class=\"elementor-widget-container\">\n\t\t\t\t\t\t\t\t\t<p>Echipa Pisooka vine din Taiwan \u0219i Irlanda \u0219i crede cu fermitate c\u0103 toat\u0103 lumea are dreptul la fericire. Ne dedicam reducerii disconfortului cauzat de durere sau sporirii confortului dupa exercitii fizice. Viziunea noastr\u0103 este ca confortul s\u0103 se \u00eent\u00e2mple oric\u00e2nd, oriunde.<\/p>\n<p><br><\/p>\n<p>Numele \u201ePisooka\u201d provine din combina\u021bia dintre cuv\u00e2ntul german pentru \u201ePistole\u201d \u0219i cuv\u00e2ntul englezesc pentru \u201eBazooka\u201d. Sper\u0103m s\u0103 folosim tehnologia \u0219i m\u0103iestria de ultim\u0103 or\u0103 din Taiwan pentru a realiza un dispozitiv portabil care este la fel de portabil ca o arm\u0103 de m\u00e2n\u0103, dar care are intensitatea de masaj ca un tun, devenind cel mai bun asistent de masaj al tuturor.<\/p>\n<p><br><\/p>\n<p>Punctele de v\u00e2nzare ale Pisooka sunt u\u0219oarele, intensitatea puternic\u0103, durata lung\u0103 de via\u021b\u0103 a bateriei, designul metalic, calitatea excelent\u0103 a produsului \u0219i serviciul post-v\u00e2nzare remarcabil, care include garan\u021bie extins\u0103 \u0219i un serviciu de \u00eenlocuire 1 pentru 1 \u00een perioada de garan\u021bie.<\/p>\t\t\t\t\t\t\t\t<\/div>\n\t\t\t\t<\/div>\n\t\t\t\t\t<\/div>\n\t\t<\/div>\n\t\t\t\t\t<\/div>\n\t\t<\/section>\n\t\t\t\t<section class=\"elementor-section elementor-top-section elementor-element elementor-element-9117efa elementor-section-full_width elementor-section-height-min-height elementor-section-height-default elementor-section-items-middle\" data-id=\"9117efa\" data-element_type=\"section\" data-e-type=\"section\" data-settings=\"{&quot;background_background&quot;:&quot;classic&quot;}\">\n\t\t\t\t\t\t\t<div class=\"elementor-background-overlay\"><\/div>\n\t\t\t\t\t\t\t<div class=\"elementor-container elementor-column-gap-default\">\n\t\t\t\t\t<div class=\"elementor-column elementor-col-100 elementor-top-column elementor-element elementor-element-eb2d69f\" data-id=\"eb2d69f\" data-element_type=\"column\" data-e-type=\"column\">\n\t\t\t<div class=\"elementor-widget-wrap elementor-element-populated\">\n\t\t\t\t\t\t<div class=\"elementor-element elementor-element-b6e0c59 elementor-widget elementor-widget-heading\" data-id=\"b6e0c59\" data-element_type=\"widget\" data-e-type=\"widget\" data-widget_type=\"heading.default\">\n\t\t\t\t<div class=\"elementor-widget-container\">\n\t\t\t\t\t<h4 class=\"elementor-heading-title elementor-size-default\">Calitate, f\u0103r\u0103 compromis<\/h4>\t\t\t\t<\/div>\n\t\t\t\t<\/div>\n\t\t\t\t<div class=\"elementor-element elementor-element-1bdb0e8 elementor-align-center elementor-widget elementor-widget-button\" data-id=\"1bdb0e8\" data-element_type=\"widget\" data-e-type=\"widget\" data-widget_type=\"button.default\">\n\t\t\t\t<div class=\"elementor-widget-container\">\n\t\t\t\t\t\t\t\t\t<div class=\"elementor-button-wrapper\">\n\t\t\t\t\t<a class=\"elementor-button elementor-button-link elementor-size-sm elementor-animation-float\" href=\"\/ro\/shop\/\">\n\t\t\t\t\t\t<span class=\"elementor-button-content-wrapper\">\n\t\t\t\t\t\t\t\t\t<span class=\"elementor-button-text\">Cump\u0103r\u0103 acum<\/span>\n\t\t\t\t\t<\/span>\n\t\t\t\t\t<\/a>\n\t\t\t\t<\/div>\n\t\t\t\t\t\t\t\t<\/div>\n\t\t\t\t<\/div>\n\t\t\t\t\t<\/div>\n\t\t<\/div>\n\t\t\t\t\t<\/div>\n\t\t<\/section>\n\t\t<div class=\"elementor-element elementor-element-c44b7ad e-flex e-con-boxed e-con e-parent\" data-id=\"c44b7ad\" data-element_type=\"container\" data-e-type=\"container\">\n\t\t\t\t\t<div class=\"e-con-inner\">\n\t\t\t\t<div class=\"elementor-element elementor-element-e51fd88 elementor-widget elementor-widget-heading\" data-id=\"e51fd88\" data-element_type=\"widget\" data-e-type=\"widget\" data-widget_type=\"heading.default\">\n\t\t\t\t<div class=\"elementor-widget-container\">\n\t\t\t\t\t<h6 class=\"elementor-heading-title elementor-size-default\">Distributor in NEW ZELAND<\/font><br>Company: NOMAD SUSTAINTECH LIMITED<\/font><br>Company Address: 19 Hangahai RoadFlat Bush, Auckland 2019<\/font><br>Phone: +64 021886121<\/font><br>Email: weian@projectmars.info<\/h6>\t\t\t\t<\/div>\n\t\t\t\t<\/div>\n\t\t\t\t\t<\/div>\n\t\t\t\t<\/div>\n\t\t\t\t<\/div>","protected":false},"excerpt":{"rendered":"<p>Home Project Mars\u00a0 about us Make massage easier A HEALTHY FUTURE, OWN NOW The Pisooka team comes from Taiwan and Ireland and firmly believes that everyone has the right to happiness. We are dedicated to reducing discomfort caused by soreness or enhancing comfort after exercise. Our vision is for comfort to happen anytime, anywhere. The &hellip;<\/p>\n<p class=\"read-more\"> <a class=\"\" href=\"https:\/\/projectmars.au\/ro\/about-us\/\"> <span class=\"screen-reader-text\">despre noi<\/span> Read More &raquo;<\/a><\/p>","protected":false},"author":2145,"featured_media":0,"parent":0,"menu_order":0,"comment_status":"closed","ping_status":"closed","template":"elementor_header_footer","meta":{"site-sidebar-layout":"default","site-content-layout":"default","ast-global-header-display":"","ast-banner-title-visibility":"","ast-main-header-display":"","ast-hfb-above-header-display":"","ast-hfb-below-header-display":"","ast-hfb-mobile-header-display":"","site-post-title":"","ast-breadcrumbs-content":"","ast-featured-img":"","footer-sml-layout":"","theme-transparent-header-meta":"default","adv-header-id-meta":"","stick-header-meta":"","header-above-stick-meta":"","header-main-stick-meta":"","header-below-stick-meta":"","footnotes":""},"class_list":["post-10329","page","type-page","status-publish","hentry"],"_links":{"self":[{"href":"https:\/\/projectmars.au\/ro\/wp-json\/wp\/v2\/pages\/10329","targetHints":{"allow":["GET"]}}],"collection":[{"href":"https:\/\/projectmars.au\/ro\/wp-json\/wp\/v2\/pages"}],"about":[{"href":"https:\/\/projectmars.au\/ro\/wp-json\/wp\/v2\/types\/page"}],"author":[{"embeddable":true,"href":"https:\/\/projectmars.au\/ro\/wp-json\/wp\/v2\/users\/2145"}],"replies":[{"embeddable":true,"href":"https:\/\/projectmars.au\/ro\/wp-json\/wp\/v2\/comments?post=10329"}],"version-history":[{"count":32,"href":"https:\/\/projectmars.au\/ro\/wp-json\/wp\/v2\/pages\/10329\/revisions"}],"predecessor-version":[{"id":30748,"href":"https:\/\/projectmars.au\/ro\/wp-json\/wp\/v2\/pages\/10329\/revisions\/30748"}],"wp:attachment":[{"href":"https:\/\/projectmars.au\/ro\/wp-json\/wp\/v2\/media?parent=10329"}],"curies":[{"name":"wp","href":"https:\/\/api.w.org\/{rel}","templated":true}]}}