{"id":10332,"date":"2021-07-14T16:04:29","date_gmt":"2021-07-14T08:04:29","guid":{"rendered":"https:\/\/projectmars1.wpengine.com\/%e5%aa%92%e9%ab%94%e5%a0%b1%e5%b0%8e-2\/"},"modified":"2023-04-25T17:51:31","modified_gmt":"2023-04-25T16:51:31","slug":"education","status":"publish","type":"page","link":"https:\/\/projectmars.au\/ro\/education\/","title":{"rendered":"educa\u0163ie"},"content":{"rendered":"<div data-elementor-type=\"wp-page\" data-elementor-id=\"10332\" class=\"elementor elementor-10332\" data-elementor-post-type=\"page\">\n\t\t\t\t\t\t<section class=\"elementor-section elementor-top-section elementor-element elementor-element-7a0c591 elementor-section-full_width elementor-section-height-default elementor-section-height-default\" data-id=\"7a0c591\" data-element_type=\"section\" data-e-type=\"section\">\n\t\t\t\t\t\t<div class=\"elementor-container elementor-column-gap-default\">\n\t\t\t\t\t<div class=\"elementor-column elementor-col-100 elementor-top-column elementor-element elementor-element-9cae0a1\" data-id=\"9cae0a1\" data-element_type=\"column\" data-e-type=\"column\">\n\t\t\t<div class=\"elementor-widget-wrap elementor-element-populated\">\n\t\t\t\t\t\t<div class=\"elementor-element elementor-element-890b60d jet-breadcrumbs-on-front-yes jet-breadcrumbs-align-left elementor-widget elementor-widget-jet-breadcrumbs\" data-id=\"890b60d\" data-element_type=\"widget\" data-e-type=\"widget\" data-widget_type=\"jet-breadcrumbs.default\">\n\t\t\t\t<div class=\"elementor-widget-container\">\n\t\t\t\t\t<div class=\"elementor-jet-breadcrumbs jet-blocks\">\n\t\t<div class=\"jet-breadcrumbs\">\n\t\t<div class=\"jet-breadcrumbs__content\">\n\t\t<div class=\"jet-breadcrumbs__wrap\"><div class=\"jet-breadcrumbs__item\"><a href=\"https:\/\/projectmars.au\/ro\/\" class=\"jet-breadcrumbs__item-link is-home\" rel=\"home\" title=\"Acas\u0103\">Acas\u0103<\/a><\/div>\n\t\t<\/div>\n\t\t<\/div>\n\t\t<\/div><\/div>\t\t\t\t<\/div>\n\t\t\t\t<\/div>\n\t\t\t\t\t<\/div>\n\t\t<\/div>\n\t\t\t\t\t<\/div>\n\t\t<\/section>\n\t\t\t\t<section class=\"elementor-section elementor-top-section elementor-element elementor-element-5cb39c5a elementor-section-height-min-height elementor-section-boxed elementor-section-height-default elementor-section-items-middle\" data-id=\"5cb39c5a\" data-element_type=\"section\" data-e-type=\"section\" data-settings=\"{&quot;background_background&quot;:&quot;classic&quot;}\">\n\t\t\t\t\t\t\t<div class=\"elementor-background-overlay\"><\/div>\n\t\t\t\t\t\t\t<div class=\"elementor-container elementor-column-gap-default\">\n\t\t\t\t\t<div class=\"elementor-column elementor-col-100 elementor-top-column elementor-element elementor-element-7d855a14\" data-id=\"7d855a14\" data-element_type=\"column\" data-e-type=\"column\">\n\t\t\t<div class=\"elementor-widget-wrap elementor-element-populated\">\n\t\t\t\t\t\t<div class=\"elementor-element elementor-element-6de4335c elementor-widget elementor-widget-text-editor\" data-id=\"6de4335c\" data-element_type=\"widget\" data-e-type=\"widget\" data-widget_type=\"text-editor.default\">\n\t\t\t\t<div class=\"elementor-widget-container\">\n\t\t\t\t\t\t\t\t\t<p>Serviciul post-v\u00e2nzare este \u00eenceputul oric\u0103rei experien\u021be<\/p>\t\t\t\t\t\t\t\t<\/div>\n\t\t\t\t<\/div>\n\t\t\t\t<div class=\"elementor-element elementor-element-330ca521 elementor-widget elementor-widget-heading\" data-id=\"330ca521\" data-element_type=\"widget\" data-e-type=\"widget\" data-widget_type=\"heading.default\">\n\t\t\t\t<div class=\"elementor-widget-container\">\n\t\t\t\t\t<h1 class=\"elementor-heading-title elementor-size-default\">educa\u0163ie<\/h1>\t\t\t\t<\/div>\n\t\t\t\t<\/div>\n\t\t\t\t\t<\/div>\n\t\t<\/div>\n\t\t\t\t\t<\/div>\n\t\t<\/section>\n\t\t\t\t<section class=\"elementor-section elementor-top-section elementor-element elementor-element-286e277 elementor-section-boxed elementor-section-height-default elementor-section-height-default\" data-id=\"286e277\" data-element_type=\"section\" data-e-type=\"section\" id=\"body1\">\n\t\t\t\t\t\t<div class=\"elementor-container elementor-column-gap-default\">\n\t\t\t\t\t<div class=\"elementor-column elementor-col-50 elementor-top-column elementor-element elementor-element-54b3853\" data-id=\"54b3853\" data-element_type=\"column\" data-e-type=\"column\">\n\t\t\t<div class=\"elementor-widget-wrap elementor-element-populated\">\n\t\t\t\t\t\t<div class=\"elementor-element elementor-element-c96ed3c elementor-widget elementor-widget-heading\" data-id=\"c96ed3c\" data-element_type=\"widget\" data-e-type=\"widget\" data-widget_type=\"heading.default\">\n\t\t\t\t<div class=\"elementor-widget-container\">\n\t\t\t\t\t<h1 class=\"elementor-heading-title elementor-size-default\">Cum se folose\u0219te pistolul de masaj? BOOSTER MINI2 mini puternic fascia gun capitol de predare a corpului superior!\u200b<\/h1>\t\t\t\t<\/div>\n\t\t\t\t<\/div>\n\t\t\t\t<div class=\"elementor-element elementor-element-3b6ca39 elementor-widget-divider--view-line elementor-widget elementor-widget-divider\" data-id=\"3b6ca39\" data-element_type=\"widget\" data-e-type=\"widget\" data-widget_type=\"divider.default\">\n\t\t\t\t<div class=\"elementor-widget-container\">\n\t\t\t\t\t\t\t<div class=\"elementor-divider\">\n\t\t\t<span class=\"elementor-divider-separator\">\n\t\t\t\t\t\t<\/span>\n\t\t<\/div>\n\t\t\t\t\t\t<\/div>\n\t\t\t\t<\/div>\n\t\t\t\t<div class=\"elementor-element elementor-element-ea174cb elementor-widget elementor-widget-text-editor\" data-id=\"ea174cb\" data-element_type=\"widget\" data-e-type=\"widget\" data-widget_type=\"text-editor.default\">\n\t\t\t\t<div class=\"elementor-widget-container\">\n\t\t\t\t\t\t\t\t\t<p>Pute\u021bi \u00eenv\u0103\u021ba prin acest videoclip:<br \/>1. Pozi\u021bia \u00een care mu\u0219chii membrelor superioare sunt relaxa\u021bi<br \/>2. Cum s\u0103 g\u0103si\u021bi punctele de declan\u0219are<br \/>3. Ce cap de masaj s\u0103 folose\u0219ti<br \/>4. De c\u00e2t\u0103 for\u021b\u0103 este nevoie<br \/>5. Ce se face \u0219i ce nu<\/p>\t\t\t\t\t\t\t\t<\/div>\n\t\t\t\t<\/div>\n\t\t\t\t\t<\/div>\n\t\t<\/div>\n\t\t\t\t<div class=\"elementor-column elementor-col-50 elementor-top-column elementor-element elementor-element-7554eba\" data-id=\"7554eba\" data-element_type=\"column\" data-e-type=\"column\">\n\t\t\t<div class=\"elementor-widget-wrap elementor-element-populated\">\n\t\t\t\t\t\t<div class=\"elementor-element elementor-element-4369fa3 elementor-widget elementor-widget-video\" data-id=\"4369fa3\" data-element_type=\"widget\" data-e-type=\"widget\" data-settings=\"{&quot;youtube_url&quot;:&quot;https:\\\/\\\/www.youtube.com\\\/watch?v=Mwq0xB4TKDs&quot;,&quot;video_type&quot;:&quot;youtube&quot;,&quot;controls&quot;:&quot;yes&quot;}\" data-widget_type=\"video.default\">\n\t\t\t\t<div class=\"elementor-widget-container\">\n\t\t\t\t\t\t\t<div class=\"elementor-wrapper elementor-open-inline\">\n\t\t\t<div class=\"elementor-video\"><\/div>\t\t<\/div>\n\t\t\t\t\t\t<\/div>\n\t\t\t\t<\/div>\n\t\t\t\t\t<\/div>\n\t\t<\/div>\n\t\t\t\t\t<\/div>\n\t\t<\/section>\n\t\t\t\t<section class=\"elementor-section elementor-top-section elementor-element elementor-element-f268e84 elementor-section-boxed elementor-section-height-default elementor-section-height-default\" data-id=\"f268e84\" data-element_type=\"section\" data-e-type=\"section\" id=\"body2\">\n\t\t\t\t\t\t<div class=\"elementor-container elementor-column-gap-default\">\n\t\t\t\t\t<div class=\"elementor-column elementor-col-50 elementor-top-column elementor-element elementor-element-2d50f13\" data-id=\"2d50f13\" data-element_type=\"column\" data-e-type=\"column\">\n\t\t\t<div class=\"elementor-widget-wrap elementor-element-populated\">\n\t\t\t\t\t\t<div class=\"elementor-element elementor-element-998ee28 elementor-widget elementor-widget-heading\" data-id=\"998ee28\" data-element_type=\"widget\" data-e-type=\"widget\" data-widget_type=\"heading.default\">\n\t\t\t\t<div class=\"elementor-widget-container\">\n\t\t\t\t\t<h1 class=\"elementor-heading-title elementor-size-default\">Cum se folose\u0219te pistolul de masaj? BOOSTER MINI2 mini pistol fascia puternic capitol de predare a corpului inferior!\u200b<\/h1>\t\t\t\t<\/div>\n\t\t\t\t<\/div>\n\t\t\t\t<div class=\"elementor-element elementor-element-69d455b elementor-widget-divider--view-line elementor-widget elementor-widget-divider\" data-id=\"69d455b\" data-element_type=\"widget\" data-e-type=\"widget\" data-widget_type=\"divider.default\">\n\t\t\t\t<div class=\"elementor-widget-container\">\n\t\t\t\t\t\t\t<div class=\"elementor-divider\">\n\t\t\t<span class=\"elementor-divider-separator\">\n\t\t\t\t\t\t<\/span>\n\t\t<\/div>\n\t\t\t\t\t\t<\/div>\n\t\t\t\t<\/div>\n\t\t\t\t<div class=\"elementor-element elementor-element-35194d8 elementor-widget elementor-widget-text-editor\" data-id=\"35194d8\" data-element_type=\"widget\" data-e-type=\"widget\" data-widget_type=\"text-editor.default\">\n\t\t\t\t<div class=\"elementor-widget-container\">\n\t\t\t\t\t\t\t\t\t<p>Pute\u021bi \u00eenv\u0103\u021ba prin acest videoclip:<br \/>1. Pozi\u021bia \u00een care mu\u0219chii membrelor inferioare sunt relaxa\u021bi<br \/>2. Cum s\u0103 g\u0103si\u021bi punctele de declan\u0219are<br \/>3. Ce cap de masaj s\u0103 folose\u0219ti<br \/>4. De c\u00e2t\u0103 for\u021b\u0103 este nevoie<br \/>5. Ce se face \u0219i ce nu<\/p>\t\t\t\t\t\t\t\t<\/div>\n\t\t\t\t<\/div>\n\t\t\t\t\t<\/div>\n\t\t<\/div>\n\t\t\t\t<div class=\"elementor-column elementor-col-50 elementor-top-column elementor-element elementor-element-a3d4d7f\" data-id=\"a3d4d7f\" data-element_type=\"column\" data-e-type=\"column\">\n\t\t\t<div class=\"elementor-widget-wrap elementor-element-populated\">\n\t\t\t\t\t\t<div class=\"elementor-element elementor-element-b69f264 elementor-widget elementor-widget-video\" data-id=\"b69f264\" data-element_type=\"widget\" data-e-type=\"widget\" data-settings=\"{&quot;youtube_url&quot;:&quot;https:\\\/\\\/youtu.be\\\/FS-rRz0lFVM&quot;,&quot;video_type&quot;:&quot;youtube&quot;,&quot;controls&quot;:&quot;yes&quot;}\" data-widget_type=\"video.default\">\n\t\t\t\t<div class=\"elementor-widget-container\">\n\t\t\t\t\t\t\t<div class=\"elementor-wrapper elementor-open-inline\">\n\t\t\t<div class=\"elementor-video\"><\/div>\t\t<\/div>\n\t\t\t\t\t\t<\/div>\n\t\t\t\t<\/div>\n\t\t\t\t\t<\/div>\n\t\t<\/div>\n\t\t\t\t\t<\/div>\n\t\t<\/section>\n\t\t\t\t<section class=\"elementor-section elementor-top-section elementor-element elementor-element-8d40375 elementor-section-boxed elementor-section-height-default elementor-section-height-default\" data-id=\"8d40375\" data-element_type=\"section\" data-e-type=\"section\" id=\"body3\">\n\t\t\t\t\t\t<div class=\"elementor-container elementor-column-gap-default\">\n\t\t\t\t\t<div class=\"elementor-column elementor-col-50 elementor-top-column elementor-element elementor-element-cee26e9\" data-id=\"cee26e9\" data-element_type=\"column\" data-e-type=\"column\">\n\t\t\t<div class=\"elementor-widget-wrap elementor-element-populated\">\n\t\t\t\t\t\t<div class=\"elementor-element elementor-element-ef37d95 elementor-widget elementor-widget-heading\" data-id=\"ef37d95\" data-element_type=\"widget\" data-e-type=\"widget\" data-widget_type=\"heading.default\">\n\t\t\t\t<div class=\"elementor-widget-container\">\n\t\t\t\t\t<h1 class=\"elementor-heading-title elementor-size-default\">Cum s\u0103 folose\u0219ti un pistol de masaj pentru a relaxa durerile de um\u0103r \u0219i g\u00e2t, m\u00e2na mamei, fasciita plantar\u0103? Articole de predare a durerii comune!\u200b<\/h1>\t\t\t\t<\/div>\n\t\t\t\t<\/div>\n\t\t\t\t<div class=\"elementor-element elementor-element-9fd4bb7 elementor-widget-divider--view-line elementor-widget elementor-widget-divider\" data-id=\"9fd4bb7\" data-element_type=\"widget\" data-e-type=\"widget\" data-widget_type=\"divider.default\">\n\t\t\t\t<div class=\"elementor-widget-container\">\n\t\t\t\t\t\t\t<div class=\"elementor-divider\">\n\t\t\t<span class=\"elementor-divider-separator\">\n\t\t\t\t\t\t<\/span>\n\t\t<\/div>\n\t\t\t\t\t\t<\/div>\n\t\t\t\t<\/div>\n\t\t\t\t<div class=\"elementor-element elementor-element-1a2eecd elementor-widget elementor-widget-text-editor\" data-id=\"1a2eecd\" data-element_type=\"widget\" data-e-type=\"widget\" data-widget_type=\"text-editor.default\">\n\t\t\t\t<div class=\"elementor-widget-container\">\n\t\t\t\t\t\t\t\t\t<p>Pute\u021bi \u00eenv\u0103\u021ba prin acest videoclip:<br \/>1. Cum s\u0103 v\u0103 relaxa\u021bi durerile comune<br \/>2. Dureri de m\u00e2n\u0103, um\u0103r \u0219i g\u00e2t ale mamei, fasciit\u0103 plantar\u0103<br \/>3. Ce cap de masaj s\u0103 folose\u0219ti<br \/>4. De c\u00e2t\u0103 for\u021b\u0103 este nevoie<br \/>5. Ce se face \u0219i ce nu<\/p>\t\t\t\t\t\t\t\t<\/div>\n\t\t\t\t<\/div>\n\t\t\t\t\t<\/div>\n\t\t<\/div>\n\t\t\t\t<div class=\"elementor-column elementor-col-50 elementor-top-column elementor-element elementor-element-c31bb68\" data-id=\"c31bb68\" data-element_type=\"column\" data-e-type=\"column\">\n\t\t\t<div class=\"elementor-widget-wrap elementor-element-populated\">\n\t\t\t\t\t\t<div class=\"elementor-element elementor-element-34c4a9d elementor-widget elementor-widget-video\" data-id=\"34c4a9d\" data-element_type=\"widget\" data-e-type=\"widget\" data-settings=\"{&quot;youtube_url&quot;:&quot;https:\\\/\\\/www.youtube.com\\\/watch?v=9vd1Atbb_EI&amp;t=3s&quot;,&quot;video_type&quot;:&quot;youtube&quot;,&quot;controls&quot;:&quot;yes&quot;}\" data-widget_type=\"video.default\">\n\t\t\t\t<div class=\"elementor-widget-container\">\n\t\t\t\t\t\t\t<div class=\"elementor-wrapper elementor-open-inline\">\n\t\t\t<div class=\"elementor-video\"><\/div>\t\t<\/div>\n\t\t\t\t\t\t<\/div>\n\t\t\t\t<\/div>\n\t\t\t\t\t<\/div>\n\t\t<\/div>\n\t\t\t\t\t<\/div>\n\t\t<\/section>\n\t\t\t\t<\/div>","protected":false},"excerpt":{"rendered":"<p>Home After-sales service is the beginning of all experience education How to use the massage gun? BOOSTER MINI2 mini powerful fascia gun upper body teaching chapter! \u200b You can learn through this video: 1. The position where the muscles of the upper limbs are relaxed 2. How to find trigger points 3. Which massage head &hellip;<\/p>\n<p class=\"read-more\"> <a class=\"\" href=\"https:\/\/projectmars.au\/ro\/education\/\"> <span class=\"screen-reader-text\">educa\u0163ie<\/span> Read More &raquo;<\/a><\/p>","protected":false},"author":2145,"featured_media":0,"parent":0,"menu_order":0,"comment_status":"closed","ping_status":"closed","template":"elementor_header_footer","meta":{"site-sidebar-layout":"default","site-content-layout":"default","ast-global-header-display":"","ast-banner-title-visibility":"","ast-main-header-display":"","ast-hfb-above-header-display":"","ast-hfb-below-header-display":"","ast-hfb-mobile-header-display":"","site-post-title":"","ast-breadcrumbs-content":"","ast-featured-img":"","footer-sml-layout":"","theme-transparent-header-meta":"default","adv-header-id-meta":"","stick-header-meta":"","header-above-stick-meta":"","header-main-stick-meta":"","header-below-stick-meta":"","footnotes":""},"class_list":["post-10332","page","type-page","status-publish","hentry"],"_links":{"self":[{"href":"https:\/\/projectmars.au\/ro\/wp-json\/wp\/v2\/pages\/10332","targetHints":{"allow":["GET"]}}],"collection":[{"href":"https:\/\/projectmars.au\/ro\/wp-json\/wp\/v2\/pages"}],"about":[{"href":"https:\/\/projectmars.au\/ro\/wp-json\/wp\/v2\/types\/page"}],"author":[{"embeddable":true,"href":"https:\/\/projectmars.au\/ro\/wp-json\/wp\/v2\/users\/2145"}],"replies":[{"embeddable":true,"href":"https:\/\/projectmars.au\/ro\/wp-json\/wp\/v2\/comments?post=10332"}],"version-history":[{"count":1,"href":"https:\/\/projectmars.au\/ro\/wp-json\/wp\/v2\/pages\/10332\/revisions"}],"predecessor-version":[{"id":30480,"href":"https:\/\/projectmars.au\/ro\/wp-json\/wp\/v2\/pages\/10332\/revisions\/30480"}],"wp:attachment":[{"href":"https:\/\/projectmars.au\/ro\/wp-json\/wp\/v2\/media?parent=10332"}],"curies":[{"name":"wp","href":"https:\/\/api.w.org\/{rel}","templated":true}]}}