{"id":10329,"date":"2021-07-14T14:31:11","date_gmt":"2021-07-14T06:31:11","guid":{"rendered":"https:\/\/projectmars1.wpengine.com\/%e7%81%ab%e6%98%9f%e4%ba%ba%e8%a9%a6%e9%a9%97\/"},"modified":"2024-12-12T08:25:17","modified_gmt":"2024-12-12T08:25:17","slug":"about-us","status":"publish","type":"page","link":"https:\/\/projectmars.au\/vi\/about-us\/","title":{"rendered":"v\u1ec1 ch\u00fang t\u00f4i"},"content":{"rendered":"<div data-elementor-type=\"wp-page\" data-elementor-id=\"10329\" class=\"elementor elementor-10329\" data-elementor-post-type=\"page\">\n\t\t\t\t\t\t<section class=\"elementor-section elementor-top-section elementor-element elementor-element-28155f5 elementor-section-full_width elementor-section-height-default elementor-section-height-default\" data-id=\"28155f5\" data-element_type=\"section\" data-e-type=\"section\">\n\t\t\t\t\t\t<div class=\"elementor-container elementor-column-gap-default\">\n\t\t\t\t\t<div class=\"elementor-column elementor-col-100 elementor-top-column elementor-element elementor-element-dd092ce\" data-id=\"dd092ce\" data-element_type=\"column\" data-e-type=\"column\">\n\t\t\t<div class=\"elementor-widget-wrap elementor-element-populated\">\n\t\t\t\t\t\t<div class=\"elementor-element elementor-element-f372c00 jet-breadcrumbs-on-front-yes jet-breadcrumbs-align-left elementor-widget elementor-widget-jet-breadcrumbs\" data-id=\"f372c00\" data-element_type=\"widget\" data-e-type=\"widget\" data-widget_type=\"jet-breadcrumbs.default\">\n\t\t\t\t<div class=\"elementor-widget-container\">\n\t\t\t\t\t<div class=\"elementor-jet-breadcrumbs jet-blocks\">\n\t\t<div class=\"jet-breadcrumbs\">\n\t\t<div class=\"jet-breadcrumbs__content\">\n\t\t<div class=\"jet-breadcrumbs__wrap\"><div class=\"jet-breadcrumbs__item\"><a href=\"https:\/\/projectmars.au\/vi\/\" class=\"jet-breadcrumbs__item-link is-home\" rel=\"home\" title=\"Trang ch\u1ee7\">Trang ch\u1ee7<\/a><\/div>\n\t\t<\/div>\n\t\t<\/div>\n\t\t<\/div><\/div>\t\t\t\t<\/div>\n\t\t\t\t<\/div>\n\t\t\t\t\t<\/div>\n\t\t<\/div>\n\t\t\t\t\t<\/div>\n\t\t<\/section>\n\t\t\t\t<section class=\"elementor-section elementor-top-section elementor-element elementor-element-f6ef627 elementor-section-height-min-height elementor-section-boxed elementor-section-height-default elementor-section-items-middle\" data-id=\"f6ef627\" data-element_type=\"section\" data-e-type=\"section\" data-settings=\"{&quot;background_background&quot;:&quot;classic&quot;}\">\n\t\t\t\t\t\t\t<div class=\"elementor-background-overlay\"><\/div>\n\t\t\t\t\t\t\t<div class=\"elementor-container elementor-column-gap-default\">\n\t\t\t\t\t<div class=\"elementor-column elementor-col-100 elementor-top-column elementor-element elementor-element-047bf89\" data-id=\"047bf89\" data-element_type=\"column\" data-e-type=\"column\">\n\t\t\t<div class=\"elementor-widget-wrap elementor-element-populated\">\n\t\t\t\t\t\t<div class=\"elementor-element elementor-element-b438cc8 elementor-widget elementor-widget-text-editor\" data-id=\"b438cc8\" data-element_type=\"widget\" data-e-type=\"widget\" data-widget_type=\"text-editor.default\">\n\t\t\t\t<div class=\"elementor-widget-container\">\n\t\t\t\t\t\t\t\t\t<p>d\u1ef1 \u00e1n sao h\u1ecfa\u00a0<\/p>\t\t\t\t\t\t\t\t<\/div>\n\t\t\t\t<\/div>\n\t\t\t\t<div class=\"elementor-element elementor-element-8027f66 elementor-widget elementor-widget-heading\" data-id=\"8027f66\" data-element_type=\"widget\" data-e-type=\"widget\" data-widget_type=\"heading.default\">\n\t\t\t\t<div class=\"elementor-widget-container\">\n\t\t\t\t\t<h1 class=\"elementor-heading-title elementor-size-default\">v\u1ec1 ch\u00fang t\u00f4i<\/h1>\t\t\t\t<\/div>\n\t\t\t\t<\/div>\n\t\t\t\t\t<\/div>\n\t\t<\/div>\n\t\t\t\t\t<\/div>\n\t\t<\/section>\n\t\t\t\t<section class=\"elementor-section elementor-top-section elementor-element elementor-element-1465d0a elementor-section-boxed elementor-section-height-default elementor-section-height-default\" data-id=\"1465d0a\" data-element_type=\"section\" data-e-type=\"section\" data-settings=\"{&quot;background_background&quot;:&quot;classic&quot;}\">\n\t\t\t\t\t\t<div class=\"elementor-container elementor-column-gap-default\">\n\t\t\t\t\t<div class=\"elementor-column elementor-col-50 elementor-top-column elementor-element elementor-element-2f4f551a\" data-id=\"2f4f551a\" data-element_type=\"column\" data-e-type=\"column\" data-settings=\"{&quot;background_background&quot;:&quot;classic&quot;}\">\n\t\t\t<div class=\"elementor-widget-wrap elementor-element-populated\">\n\t\t\t\t\t<div class=\"elementor-background-overlay\"><\/div>\n\t\t\t\t\t\t<div class=\"elementor-element elementor-element-29a32c0e elementor-widget elementor-widget-image\" data-id=\"29a32c0e\" data-element_type=\"widget\" data-e-type=\"widget\" data-widget_type=\"image.default\">\n\t\t\t\t<div class=\"elementor-widget-container\">\n\t\t\t\t\t\t\t\t\t\t\t\t<figure class=\"wp-caption\">\n\t\t\t\t\t\t\t\t\t\t<img fetchpriority=\"high\" decoding=\"async\" width=\"2560\" height=\"1707\" src=\"https:\/\/projectmars.au\/wp-content\/uploads\/2023\/01\/DSC05433-scaled.jpg\" class=\"attachment-full size-full wp-image-29932\" alt=\"pisooka mini massage gun\" srcset=\"https:\/\/projectmars.au\/wp-content\/uploads\/2023\/01\/DSC05433-scaled.jpg 2560w, https:\/\/projectmars.au\/wp-content\/uploads\/2023\/01\/DSC05433-400x267.jpg 400w, https:\/\/projectmars.au\/wp-content\/uploads\/2023\/01\/DSC05433-1200x800.jpg 1200w, https:\/\/projectmars.au\/wp-content\/uploads\/2023\/01\/DSC05433-768x512.jpg 768w, https:\/\/projectmars.au\/wp-content\/uploads\/2023\/01\/DSC05433-1536x1024.jpg 1536w, https:\/\/projectmars.au\/wp-content\/uploads\/2023\/01\/DSC05433-2048x1365.jpg 2048w, https:\/\/projectmars.au\/wp-content\/uploads\/2023\/01\/DSC05433-18x12.jpg 18w, https:\/\/projectmars.au\/wp-content\/uploads\/2023\/01\/DSC05433-900x600.jpg 900w\" sizes=\"(max-width: 2560px) 100vw, 2560px\" title=\"s\u00fang massage mini pisooka\">\t\t\t\t\t\t\t\t\t\t\t<figcaption class=\"widget-image-caption wp-caption-text\"><\/figcaption>\n\t\t\t\t\t\t\t\t\t\t<\/figure>\n\t\t\t\t\t\t\t\t\t<\/div>\n\t\t\t\t<\/div>\n\t\t\t\t\t<\/div>\n\t\t<\/div>\n\t\t\t\t<div class=\"elementor-column elementor-col-50 elementor-top-column elementor-element elementor-element-6ad9b95f\" data-id=\"6ad9b95f\" data-element_type=\"column\" data-e-type=\"column\">\n\t\t\t<div class=\"elementor-widget-wrap elementor-element-populated\">\n\t\t\t\t\t\t<div class=\"elementor-element elementor-element-66f57d18 elementor-widget elementor-widget-heading\" data-id=\"66f57d18\" data-element_type=\"widget\" data-e-type=\"widget\" data-widget_type=\"heading.default\">\n\t\t\t\t<div class=\"elementor-widget-container\">\n\t\t\t\t\t<h2 class=\"elementor-heading-title elementor-size-default\">Gi\u00fap xoa b\u00f3p d\u1ec5 d\u00e0ng h\u01a1n<br>\nT\u01af\u01a0NG LAI KH\u1eceE M\u1ea0NH, S\u1ede H\u1eeeU NGAY<\/h2>\t\t\t\t<\/div>\n\t\t\t\t<\/div>\n\t\t\t\t<div class=\"elementor-element elementor-element-240e7507 elementor-widget elementor-widget-text-editor\" data-id=\"240e7507\" data-element_type=\"widget\" data-e-type=\"widget\" data-widget_type=\"text-editor.default\">\n\t\t\t\t<div class=\"elementor-widget-container\">\n\t\t\t\t\t\t\t\t\t<p>\u0110\u1ed9i ng\u0169 Pisooka \u0111\u1ebfn t\u1eeb \u0110\u00e0i Loan v\u00e0 Ireland tin ch\u1eafc r\u1eb1ng ai c\u0169ng c\u00f3 quy\u1ec1n \u0111\u01b0\u1ee3c h\u1ea1nh ph\u00fac. Ch\u00fang t\u00f4i n\u1ed7 l\u1ef1c h\u1ebft m\u00ecnh \u0111\u1ec3 gi\u1ea3m b\u1edbt s\u1ef1 kh\u00f3 ch\u1ecbu do \u0111au nh\u1ee9c ho\u1eb7c t\u0103ng c\u01b0\u1eddng s\u1ef1 tho\u1ea3i m\u00e1i sau khi t\u1eadp luy\u1ec7n. T\u1ea7m nh\u00ecn c\u1ee7a ch\u00fang t\u00f4i l\u00e0 mang \u0111\u1ebfn s\u1ef1 tho\u1ea3i m\u00e1i m\u1ecdi l\u00fac, m\u1ecdi n\u01a1i.<\/p>\n<p><br><\/p>\n<p>C\u00e1i t\u00ean \u201cPisooka\u201d b\u1eaft ngu\u1ed3n t\u1eeb s\u1ef1 k\u1ebft h\u1ee3p gi\u1eefa t\u1eeb ti\u1ebfng \u0110\u1ee9c c\u00f3 ngh\u0129a l\u00e0 \u201cPistole\u201d v\u00e0 t\u1eeb ti\u1ebfng Anh c\u00f3 ngh\u0129a l\u00e0 \u201cBazooka\u201d. Ch\u00fang t\u00f4i hy v\u1ecdng s\u1ebd s\u1eed d\u1ee5ng c\u00f4ng ngh\u1ec7 ti\u00ean ti\u1ebfn v\u00e0 tay ngh\u1ec1 th\u1ee7 c\u00f4ng c\u1ee7a \u0110\u00e0i Loan \u0111\u1ec3 t\u1ea1o ra m\u1ed9t thi\u1ebft b\u1ecb c\u1ea7m tay di \u0111\u1ed9ng nh\u01b0 m\u1ed9t kh\u1ea9u s\u00fang l\u1ee5c nh\u01b0ng c\u00f3 c\u01b0\u1eddng \u0111\u1ed9 xoa b\u00f3p nh\u01b0 m\u1ed9t kh\u1ea9u s\u00fang th\u1ea7n c\u00f4ng, tr\u1edf th\u00e0nh tr\u1ee3 l\u00fd xoa b\u00f3p t\u1ed1t nh\u1ea5t cho m\u1ecdi ng\u01b0\u1eddi.<\/p>\n<p><br><\/p>\n<p>\u0110i\u1ec3m b\u00e1n h\u00e0ng c\u1ee7a Pisooka l\u00e0 tr\u1ecdng l\u01b0\u1ee3ng nh\u1eb9, c\u01b0\u1eddng \u0111\u1ed9 m\u1ea1nh, th\u1eddi l\u01b0\u1ee3ng pin d\u00e0i, thi\u1ebft k\u1ebf kim lo\u1ea1i, ch\u1ea5t l\u01b0\u1ee3ng s\u1ea3n ph\u1ea9m tuy\u1ec7t v\u1eddi v\u00e0 d\u1ecbch v\u1ee5 h\u1eadu m\u00e3i v\u01b0\u1ee3t tr\u1ed9i, bao g\u1ed3m b\u1ea3o h\u00e0nh m\u1edf r\u1ed9ng v\u00e0 d\u1ecbch v\u1ee5 thay th\u1ebf 1 \u0111\u1ed5i 1 trong th\u1eddi gian b\u1ea3o h\u00e0nh.<\/p>\t\t\t\t\t\t\t\t<\/div>\n\t\t\t\t<\/div>\n\t\t\t\t\t<\/div>\n\t\t<\/div>\n\t\t\t\t\t<\/div>\n\t\t<\/section>\n\t\t\t\t<section class=\"elementor-section elementor-top-section elementor-element elementor-element-9117efa elementor-section-full_width elementor-section-height-min-height elementor-section-height-default elementor-section-items-middle\" data-id=\"9117efa\" data-element_type=\"section\" data-e-type=\"section\" data-settings=\"{&quot;background_background&quot;:&quot;classic&quot;}\">\n\t\t\t\t\t\t\t<div class=\"elementor-background-overlay\"><\/div>\n\t\t\t\t\t\t\t<div class=\"elementor-container elementor-column-gap-default\">\n\t\t\t\t\t<div class=\"elementor-column elementor-col-100 elementor-top-column elementor-element elementor-element-eb2d69f\" data-id=\"eb2d69f\" data-element_type=\"column\" data-e-type=\"column\">\n\t\t\t<div class=\"elementor-widget-wrap elementor-element-populated\">\n\t\t\t\t\t\t<div class=\"elementor-element elementor-element-b6e0c59 elementor-widget elementor-widget-heading\" data-id=\"b6e0c59\" data-element_type=\"widget\" data-e-type=\"widget\" data-widget_type=\"heading.default\">\n\t\t\t\t<div class=\"elementor-widget-container\">\n\t\t\t\t\t<h4 class=\"elementor-heading-title elementor-size-default\">Ch\u1ea5t l\u01b0\u1ee3ng, kh\u00f4ng th\u1ecfa hi\u1ec7p<\/h4>\t\t\t\t<\/div>\n\t\t\t\t<\/div>\n\t\t\t\t<div class=\"elementor-element elementor-element-1bdb0e8 elementor-align-center elementor-widget elementor-widget-button\" data-id=\"1bdb0e8\" data-element_type=\"widget\" data-e-type=\"widget\" data-widget_type=\"button.default\">\n\t\t\t\t<div class=\"elementor-widget-container\">\n\t\t\t\t\t\t\t\t\t<div class=\"elementor-button-wrapper\">\n\t\t\t\t\t<a class=\"elementor-button elementor-button-link elementor-size-sm elementor-animation-float\" href=\"\/vi\/shop\/\">\n\t\t\t\t\t\t<span class=\"elementor-button-content-wrapper\">\n\t\t\t\t\t\t\t\t\t<span class=\"elementor-button-text\">mua ngay<\/span>\n\t\t\t\t\t<\/span>\n\t\t\t\t\t<\/a>\n\t\t\t\t<\/div>\n\t\t\t\t\t\t\t\t<\/div>\n\t\t\t\t<\/div>\n\t\t\t\t\t<\/div>\n\t\t<\/div>\n\t\t\t\t\t<\/div>\n\t\t<\/section>\n\t\t<div class=\"elementor-element elementor-element-c44b7ad e-flex e-con-boxed e-con e-parent\" data-id=\"c44b7ad\" data-element_type=\"container\" data-e-type=\"container\">\n\t\t\t\t\t<div class=\"e-con-inner\">\n\t\t\t\t<div class=\"elementor-element elementor-element-e51fd88 elementor-widget elementor-widget-heading\" data-id=\"e51fd88\" data-element_type=\"widget\" data-e-type=\"widget\" data-widget_type=\"heading.default\">\n\t\t\t\t<div class=\"elementor-widget-container\">\n\t\t\t\t\t<h6 class=\"elementor-heading-title elementor-size-default\">Distributor in NEW ZELAND<\/font><br>Company: NOMAD SUSTAINTECH LIMITED<\/font><br>Company Address: 19 Hangahai RoadFlat Bush, Auckland 2019<\/font><br>Phone: +64 021886121<\/font><br>Email: weian@projectmars.info<\/h6>\t\t\t\t<\/div>\n\t\t\t\t<\/div>\n\t\t\t\t\t<\/div>\n\t\t\t\t<\/div>\n\t\t\t\t<\/div>","protected":false},"excerpt":{"rendered":"<p>Home Project Mars\u00a0 about us Make massage easier A HEALTHY FUTURE, OWN NOW The Pisooka team comes from Taiwan and Ireland and firmly believes that everyone has the right to happiness. We are dedicated to reducing discomfort caused by soreness or enhancing comfort after exercise. Our vision is for comfort to happen anytime, anywhere. The &hellip;<\/p>\n<p class=\"read-more\"> <a class=\"\" href=\"https:\/\/projectmars.au\/vi\/about-us\/\"> <span class=\"screen-reader-text\">v\u1ec1 ch\u00fang t\u00f4i<\/span> Read More &raquo;<\/a><\/p>","protected":false},"author":2145,"featured_media":0,"parent":0,"menu_order":0,"comment_status":"closed","ping_status":"closed","template":"elementor_header_footer","meta":{"site-sidebar-layout":"default","site-content-layout":"default","ast-global-header-display":"","ast-banner-title-visibility":"","ast-main-header-display":"","ast-hfb-above-header-display":"","ast-hfb-below-header-display":"","ast-hfb-mobile-header-display":"","site-post-title":"","ast-breadcrumbs-content":"","ast-featured-img":"","footer-sml-layout":"","theme-transparent-header-meta":"default","adv-header-id-meta":"","stick-header-meta":"","header-above-stick-meta":"","header-main-stick-meta":"","header-below-stick-meta":"","footnotes":""},"class_list":["post-10329","page","type-page","status-publish","hentry"],"_links":{"self":[{"href":"https:\/\/projectmars.au\/vi\/wp-json\/wp\/v2\/pages\/10329","targetHints":{"allow":["GET"]}}],"collection":[{"href":"https:\/\/projectmars.au\/vi\/wp-json\/wp\/v2\/pages"}],"about":[{"href":"https:\/\/projectmars.au\/vi\/wp-json\/wp\/v2\/types\/page"}],"author":[{"embeddable":true,"href":"https:\/\/projectmars.au\/vi\/wp-json\/wp\/v2\/users\/2145"}],"replies":[{"embeddable":true,"href":"https:\/\/projectmars.au\/vi\/wp-json\/wp\/v2\/comments?post=10329"}],"version-history":[{"count":32,"href":"https:\/\/projectmars.au\/vi\/wp-json\/wp\/v2\/pages\/10329\/revisions"}],"predecessor-version":[{"id":30748,"href":"https:\/\/projectmars.au\/vi\/wp-json\/wp\/v2\/pages\/10329\/revisions\/30748"}],"wp:attachment":[{"href":"https:\/\/projectmars.au\/vi\/wp-json\/wp\/v2\/media?parent=10329"}],"curies":[{"name":"wp","href":"https:\/\/api.w.org\/{rel}","templated":true}]}}