{"id":2675,"date":"2021-01-26T17:35:45","date_gmt":"2021-01-26T09:35:45","guid":{"rendered":"https:\/\/projectmars1.wpengine.com\/?page_id=2675"},"modified":"2023-04-25T17:52:55","modified_gmt":"2023-04-25T16:52:55","slug":"newsroom","status":"publish","type":"page","link":"https:\/\/projectmars.au\/vi\/newsroom\/","title":{"rendered":"PH\u00d2NG TIN T\u1ee8C"},"content":{"rendered":"<div data-elementor-type=\"wp-page\" data-elementor-id=\"2675\" class=\"elementor elementor-2675\" data-elementor-post-type=\"page\">\n\t\t\t\t\t\t<section class=\"elementor-section elementor-top-section elementor-element elementor-element-7a0c591 elementor-section-full_width elementor-section-height-default elementor-section-height-default\" data-id=\"7a0c591\" data-element_type=\"section\" data-e-type=\"section\">\n\t\t\t\t\t\t<div class=\"elementor-container elementor-column-gap-default\">\n\t\t\t\t\t<div class=\"elementor-column elementor-col-100 elementor-top-column elementor-element elementor-element-9cae0a1\" data-id=\"9cae0a1\" data-element_type=\"column\" data-e-type=\"column\">\n\t\t\t<div class=\"elementor-widget-wrap elementor-element-populated\">\n\t\t\t\t\t\t<div class=\"elementor-element elementor-element-890b60d jet-breadcrumbs-on-front-yes jet-breadcrumbs-align-left elementor-widget elementor-widget-jet-breadcrumbs\" data-id=\"890b60d\" data-element_type=\"widget\" data-e-type=\"widget\" data-widget_type=\"jet-breadcrumbs.default\">\n\t\t\t\t<div class=\"elementor-widget-container\">\n\t\t\t\t\t<div class=\"elementor-jet-breadcrumbs jet-blocks\">\n\t\t<div class=\"jet-breadcrumbs\">\n\t\t<div class=\"jet-breadcrumbs__content\">\n\t\t<div class=\"jet-breadcrumbs__wrap\"><div class=\"jet-breadcrumbs__item\"><a href=\"https:\/\/projectmars.au\/vi\/\" class=\"jet-breadcrumbs__item-link is-home\" rel=\"home\" title=\"TRANG CH\u1ee6\">TRANG CH\u1ee6<\/a><\/div>\n\t\t<\/div>\n\t\t<\/div>\n\t\t<\/div><\/div>\t\t\t\t<\/div>\n\t\t\t\t<\/div>\n\t\t\t\t\t<\/div>\n\t\t<\/div>\n\t\t\t\t\t<\/div>\n\t\t<\/section>\n\t\t\t\t<section class=\"elementor-section elementor-top-section elementor-element elementor-element-5cb39c5a elementor-section-height-min-height elementor-section-boxed elementor-section-height-default elementor-section-items-middle\" data-id=\"5cb39c5a\" data-element_type=\"section\" data-e-type=\"section\" data-settings=\"{&quot;background_background&quot;:&quot;classic&quot;}\">\n\t\t\t\t\t\t\t<div class=\"elementor-background-overlay\"><\/div>\n\t\t\t\t\t\t\t<div class=\"elementor-container elementor-column-gap-default\">\n\t\t\t\t\t<div class=\"elementor-column elementor-col-100 elementor-top-column elementor-element elementor-element-7d855a14\" data-id=\"7d855a14\" data-element_type=\"column\" data-e-type=\"column\">\n\t\t\t<div class=\"elementor-widget-wrap elementor-element-populated\">\n\t\t\t\t\t\t<div class=\"elementor-element elementor-element-330ca521 elementor-widget elementor-widget-heading\" data-id=\"330ca521\" data-element_type=\"widget\" data-e-type=\"widget\" data-widget_type=\"heading.default\">\n\t\t\t\t<div class=\"elementor-widget-container\">\n\t\t\t\t\t<h1 class=\"elementor-heading-title elementor-size-default\">PH\u00d2NG TIN T\u1ee8C<\/h1>\t\t\t\t<\/div>\n\t\t\t\t<\/div>\n\t\t\t\t\t<\/div>\n\t\t<\/div>\n\t\t\t\t\t<\/div>\n\t\t<\/section>\n\t\t\t\t<section class=\"elementor-section elementor-top-section elementor-element elementor-element-286e277 elementor-section-boxed elementor-section-height-default elementor-section-height-default\" data-id=\"286e277\" data-element_type=\"section\" data-e-type=\"section\">\n\t\t\t\t\t\t<div class=\"elementor-container elementor-column-gap-default\">\n\t\t\t\t\t<div class=\"elementor-column elementor-col-50 elementor-top-column elementor-element elementor-element-54b3853\" data-id=\"54b3853\" data-element_type=\"column\" data-e-type=\"column\">\n\t\t\t<div class=\"elementor-widget-wrap elementor-element-populated\">\n\t\t\t\t\t\t<div class=\"elementor-element elementor-element-c96ed3c elementor-widget elementor-widget-heading\" data-id=\"c96ed3c\" data-element_type=\"widget\" data-e-type=\"widget\" data-widget_type=\"heading.default\">\n\t\t\t\t<div class=\"elementor-widget-container\">\n\t\t\t\t\t<h1 class=\"elementor-heading-title elementor-size-default\">Yahoo TV &quot;Ph\u1ee5 huynh c\u00f3 chuy\u1ec7n g\u00ec sao? \u300b\u0110\u1ec1 xu\u1ea5t h\u1ee3p t\u00e1c ch\u01b0\u01a1ng tr\u00ecnh<\/h1>\t\t\t\t<\/div>\n\t\t\t\t<\/div>\n\t\t\t\t<div class=\"elementor-element elementor-element-3b6ca39 elementor-widget-divider--view-line elementor-widget elementor-widget-divider\" data-id=\"3b6ca39\" data-element_type=\"widget\" data-e-type=\"widget\" data-widget_type=\"divider.default\">\n\t\t\t\t<div class=\"elementor-widget-container\">\n\t\t\t\t\t\t\t<div class=\"elementor-divider\">\n\t\t\t<span class=\"elementor-divider-separator\">\n\t\t\t\t\t\t<\/span>\n\t\t<\/div>\n\t\t\t\t\t\t<\/div>\n\t\t\t\t<\/div>\n\t\t\t\t<div class=\"elementor-element elementor-element-ea174cb elementor-widget elementor-widget-text-editor\" data-id=\"ea174cb\" data-element_type=\"widget\" data-e-type=\"widget\" data-widget_type=\"text-editor.default\">\n\t\t\t\t<div class=\"elementor-widget-container\">\n\t\t\t\t\t\t\t\t\t<p>L\u00e0 cha m\u1eb9, d\u00f9 c\u00f3 \u1edf nh\u00e0 hay kh\u00f4ng, b\u1ea1n c\u00f3 c\u1ea3m th\u1ea5y m\u1ec7t m\u1ecfi v\u1edbi c\u00f4ng vi\u1ec7c v\u00e0 ch\u0103m s\u00f3c con c\u00e1i kh\u00f4ng? Kh\u00f4ng th\u00e0nh v\u1ea5n \u0111\u1ec1, m\u1ed9t \u0111i\u1ec1u t\u1ed1t cho cha m\u1eb9, <strong>Pisooka<\/strong> s\u00fang th\u01b0 gi\u00e3n c\u01a1 b\u1eafp, gi\u00fap c\u01a1 th\u1ec3 b\u1ea1n gi\u1ea3i t\u1ecfa m\u1ec7t m\u1ecfi, v\u00e0 khi\u1ebfn cha m\u1eb9 tr\u00e0n \u0111\u1ea7y s\u1ee9c m\u1ea1nh chi\u1ebfn \u0111\u1ea5u \u0111\u1ec3 \u0111\u00e1p \u1ee9ng m\u1ecdi th\u1eed th\u00e1ch trong cu\u1ed9c s\u1ed1ng, d\u00f9 l\u1edbn hay nh\u1ecf!<\/p>\t\t\t\t\t\t\t\t<\/div>\n\t\t\t\t<\/div>\n\t\t\t\t\t<\/div>\n\t\t<\/div>\n\t\t\t\t<div class=\"elementor-column elementor-col-50 elementor-top-column elementor-element elementor-element-7554eba\" data-id=\"7554eba\" data-element_type=\"column\" data-e-type=\"column\">\n\t\t\t<div class=\"elementor-widget-wrap elementor-element-populated\">\n\t\t\t\t\t\t<div class=\"elementor-element elementor-element-2b09825 elementor-widget elementor-widget-image\" data-id=\"2b09825\" data-element_type=\"widget\" data-e-type=\"widget\" data-widget_type=\"image.default\">\n\t\t\t\t<div class=\"elementor-widget-container\">\n\t\t\t\t\t\t\t\t\t\t\t\t\t\t\t<img fetchpriority=\"high\" decoding=\"async\" width=\"600\" height=\"335\" src=\"https:\/\/projectmars.au\/wp-content\/uploads\/2021\/01\/yahoo.jpg\" class=\"attachment-large size-large wp-image-2681\" alt=\"pisooka mini massage gun\" srcset=\"https:\/\/projectmars.au\/wp-content\/uploads\/2021\/01\/yahoo.jpg 600w, https:\/\/projectmars.au\/wp-content\/uploads\/2021\/01\/yahoo-400x223.jpg 400w\" sizes=\"(max-width: 600px) 100vw, 600px\" title=\"s\u00fang massage mini pisooka\">\t\t\t\t\t\t\t\t\t\t\t\t\t\t\t<\/div>\n\t\t\t\t<\/div>\n\t\t\t\t\t<\/div>\n\t\t<\/div>\n\t\t\t\t\t<\/div>\n\t\t<\/section>\n\t\t\t\t<section class=\"elementor-section elementor-top-section elementor-element elementor-element-1f0c2a5 elementor-section-boxed elementor-section-height-default elementor-section-height-default\" data-id=\"1f0c2a5\" data-element_type=\"section\" data-e-type=\"section\">\n\t\t\t\t\t\t<div class=\"elementor-container elementor-column-gap-default\">\n\t\t\t\t\t<div class=\"elementor-column elementor-col-50 elementor-top-column elementor-element elementor-element-0b13e93\" data-id=\"0b13e93\" data-element_type=\"column\" data-e-type=\"column\">\n\t\t\t<div class=\"elementor-widget-wrap elementor-element-populated\">\n\t\t\t\t\t\t<div class=\"elementor-element elementor-element-f4d007c elementor-widget elementor-widget-heading\" data-id=\"f4d007c\" data-element_type=\"widget\" data-e-type=\"widget\" data-widget_type=\"heading.default\">\n\t\t\t\t<div class=\"elementor-widget-container\">\n\t\t\t\t\t<h1 class=\"elementor-heading-title elementor-size-default\">Boen Yeye Hi\u1ec3n th\u1ecb khuy\u1ebfn ngh\u1ecb h\u1ee3p t\u00e1c!<\/h1>\t\t\t\t<\/div>\n\t\t\t\t<\/div>\n\t\t\t\t<div class=\"elementor-element elementor-element-8521f0f elementor-widget-divider--view-line elementor-widget elementor-widget-divider\" data-id=\"8521f0f\" data-element_type=\"widget\" data-e-type=\"widget\" data-widget_type=\"divider.default\">\n\t\t\t\t<div class=\"elementor-widget-container\">\n\t\t\t\t\t\t\t<div class=\"elementor-divider\">\n\t\t\t<span class=\"elementor-divider-separator\">\n\t\t\t\t\t\t<\/span>\n\t\t<\/div>\n\t\t\t\t\t\t<\/div>\n\t\t\t\t<\/div>\n\t\t\t\t<div class=\"elementor-element elementor-element-8ee365f elementor-widget elementor-widget-text-editor\" data-id=\"8ee365f\" data-element_type=\"widget\" data-e-type=\"widget\" data-widget_type=\"text-editor.default\">\n\t\t\t\t<div class=\"elementor-widget-container\">\n\t\t\t\t\t\t\t\t\t<p>\u0110\u1eb7c bi\u1ec7t c\u1ea3m \u01a1n \u0111\u1ed9i b\u00f3ng r\u1ed5 n\u1eef c\u1ee7a tr\u01b0\u1eddng trung h\u1ecdc c\u01a1 s\u1edf Minzu v\u00e0 hu\u1ea5n luy\u1ec7n vi\u00ean Xu Xiumian! T\u1ea5t nhi\u00ean, c\u00f3 nh\u1eefng th\u00e0nh vi\u00ean c\u1ee7a Boen Yeye Show \u0111ang l\u00e0m vi\u1ec7c ch\u0103m ch\u1ec9 \u0111\u1ec3 b\u1eafn ba con tr\u1ecf v\u00e0o gi\u1edd ngh\u1ec9 gi\u1ea3i lao<\/p>\t\t\t\t\t\t\t\t<\/div>\n\t\t\t\t<\/div>\n\t\t\t\t\t<\/div>\n\t\t<\/div>\n\t\t\t\t<div class=\"elementor-column elementor-col-50 elementor-top-column elementor-element elementor-element-f11345f\" data-id=\"f11345f\" data-element_type=\"column\" data-e-type=\"column\">\n\t\t\t<div class=\"elementor-widget-wrap elementor-element-populated\">\n\t\t\t\t\t\t<div class=\"elementor-element elementor-element-4369fa3 elementor-widget elementor-widget-video\" data-id=\"4369fa3\" data-element_type=\"widget\" data-e-type=\"widget\" data-settings=\"{&quot;youtube_url&quot;:&quot;https:\\\/\\\/youtu.be\\\/8wy1TPn_6j0&quot;,&quot;video_type&quot;:&quot;youtube&quot;,&quot;controls&quot;:&quot;yes&quot;}\" data-widget_type=\"video.default\">\n\t\t\t\t<div class=\"elementor-widget-container\">\n\t\t\t\t\t\t\t<div class=\"elementor-wrapper elementor-open-inline\">\n\t\t\t<div class=\"elementor-video\"><\/div>\t\t<\/div>\n\t\t\t\t\t\t<\/div>\n\t\t\t\t<\/div>\n\t\t\t\t\t<\/div>\n\t\t<\/div>\n\t\t\t\t\t<\/div>\n\t\t<\/section>\n\t\t\t\t<\/div>","protected":false},"excerpt":{"rendered":"<p>HOME NEWSROOM Yahoo TV &#8220;Is there something wrong with parents? \u300bProgram cooperation recommendation As a parent, whether you are at home or not, are you tired of working and taking care of your children? It doesn&#8217;t matter, a good thing for parents, PISOOKA muscle relaxation fascia gun, helps your body relieve fatigue, and makes parents &hellip;<\/p>\n<p class=\"read-more\"> <a class=\"\" href=\"https:\/\/projectmars.au\/vi\/newsroom\/\"> <span class=\"screen-reader-text\">PH\u00d2NG TIN T\u1ee8C<\/span> Read More &raquo;<\/a><\/p>","protected":false},"author":2145,"featured_media":0,"parent":0,"menu_order":0,"comment_status":"closed","ping_status":"closed","template":"elementor_header_footer","meta":{"site-sidebar-layout":"default","site-content-layout":"default","ast-global-header-display":"","ast-banner-title-visibility":"","ast-main-header-display":"","ast-hfb-above-header-display":"","ast-hfb-below-header-display":"","ast-hfb-mobile-header-display":"","site-post-title":"","ast-breadcrumbs-content":"","ast-featured-img":"","footer-sml-layout":"","theme-transparent-header-meta":"","adv-header-id-meta":"","stick-header-meta":"","header-above-stick-meta":"","header-main-stick-meta":"","header-below-stick-meta":"","footnotes":""},"class_list":["post-2675","page","type-page","status-publish","hentry"],"_links":{"self":[{"href":"https:\/\/projectmars.au\/vi\/wp-json\/wp\/v2\/pages\/2675","targetHints":{"allow":["GET"]}}],"collection":[{"href":"https:\/\/projectmars.au\/vi\/wp-json\/wp\/v2\/pages"}],"about":[{"href":"https:\/\/projectmars.au\/vi\/wp-json\/wp\/v2\/types\/page"}],"author":[{"embeddable":true,"href":"https:\/\/projectmars.au\/vi\/wp-json\/wp\/v2\/users\/2145"}],"replies":[{"embeddable":true,"href":"https:\/\/projectmars.au\/vi\/wp-json\/wp\/v2\/comments?post=2675"}],"version-history":[{"count":1,"href":"https:\/\/projectmars.au\/vi\/wp-json\/wp\/v2\/pages\/2675\/revisions"}],"predecessor-version":[{"id":30485,"href":"https:\/\/projectmars.au\/vi\/wp-json\/wp\/v2\/pages\/2675\/revisions\/30485"}],"wp:attachment":[{"href":"https:\/\/projectmars.au\/vi\/wp-json\/wp\/v2\/media?parent=2675"}],"curies":[{"name":"wp","href":"https:\/\/api.w.org\/{rel}","templated":true}]}}