{"id":7785,"date":"2021-05-28T20:48:52","date_gmt":"2021-05-28T12:48:52","guid":{"rendered":"https:\/\/projectmars1.wpengine.com\/%e4%bf%9d%e5%9b%ba%e6%b5%81%e7%a8%8b%e5%8f%8a%e9%80%80%e6%8f%9b%e8%b2%a8%e8%a6%8f%e7%af%84\/"},"modified":"2023-04-25T17:56:55","modified_gmt":"2023-04-25T16:56:55","slug":"warranty-policy","status":"publish","type":"page","link":"https:\/\/projectmars.au\/vi\/warranty-policy\/","title":{"rendered":"ch\u00ednh s\u00e1ch b\u1ea3o h\u00e0nh"},"content":{"rendered":"<div data-elementor-type=\"wp-page\" data-elementor-id=\"7785\" class=\"elementor elementor-7785\" data-elementor-post-type=\"page\">\n\t\t\t\t\t\t<section class=\"elementor-section elementor-top-section elementor-element elementor-element-de2811f elementor-section-full_width elementor-section-height-default elementor-section-height-default\" data-id=\"de2811f\" data-element_type=\"section\" data-e-type=\"section\">\n\t\t\t\t\t\t<div class=\"elementor-container elementor-column-gap-default\">\n\t\t\t\t\t<div class=\"elementor-column elementor-col-100 elementor-top-column elementor-element elementor-element-bc301d4\" data-id=\"bc301d4\" data-element_type=\"column\" data-e-type=\"column\">\n\t\t\t<div class=\"elementor-widget-wrap elementor-element-populated\">\n\t\t\t\t\t\t<div class=\"elementor-element elementor-element-f7b32b2 jet-breadcrumbs-on-front-yes jet-breadcrumbs-align-left elementor-widget elementor-widget-jet-breadcrumbs\" data-id=\"f7b32b2\" data-element_type=\"widget\" data-e-type=\"widget\" data-widget_type=\"jet-breadcrumbs.default\">\n\t\t\t\t<div class=\"elementor-widget-container\">\n\t\t\t\t\t<div class=\"elementor-jet-breadcrumbs jet-blocks\">\n\t\t<div class=\"jet-breadcrumbs\">\n\t\t<div class=\"jet-breadcrumbs__content\">\n\t\t<div class=\"jet-breadcrumbs__wrap\"><div class=\"jet-breadcrumbs__item\"><a href=\"https:\/\/projectmars.au\/vi\/\" class=\"jet-breadcrumbs__item-link is-home\" rel=\"home\" title=\"Trang ch\u1ee7\">Trang ch\u1ee7<\/a><\/div>\n\t\t<\/div>\n\t\t<\/div>\n\t\t<\/div><\/div>\t\t\t\t<\/div>\n\t\t\t\t<\/div>\n\t\t\t\t\t<\/div>\n\t\t<\/div>\n\t\t\t\t\t<\/div>\n\t\t<\/section>\n\t\t\t\t<section class=\"elementor-section elementor-top-section elementor-element elementor-element-21725297 elementor-section-height-min-height elementor-section-boxed elementor-section-height-default elementor-section-items-middle\" data-id=\"21725297\" data-element_type=\"section\" data-e-type=\"section\" data-settings=\"{&quot;background_background&quot;:&quot;classic&quot;}\">\n\t\t\t\t\t\t\t<div class=\"elementor-background-overlay\"><\/div>\n\t\t\t\t\t\t\t<div class=\"elementor-container elementor-column-gap-default\">\n\t\t\t\t\t<div class=\"elementor-column elementor-col-100 elementor-top-column elementor-element elementor-element-48044de9\" data-id=\"48044de9\" data-element_type=\"column\" data-e-type=\"column\">\n\t\t\t<div class=\"elementor-widget-wrap elementor-element-populated\">\n\t\t\t\t\t\t<div class=\"elementor-element elementor-element-43f26734 elementor-widget elementor-widget-text-editor\" data-id=\"43f26734\" data-element_type=\"widget\" data-e-type=\"widget\" data-widget_type=\"text-editor.default\">\n\t\t\t\t<div class=\"elementor-widget-container\">\n\t\t\t\t\t\t\t\t\t<p>D\u1ecbch v\u1ee5 sau b\u00e1n h\u00e0ng l\u00e0 kh\u1edfi \u0111\u1ea7u c\u1ee7a m\u1ecdi tr\u1ea3i nghi\u1ec7m.<\/p>\t\t\t\t\t\t\t\t<\/div>\n\t\t\t\t<\/div>\n\t\t\t\t<div class=\"elementor-element elementor-element-49435659 elementor-widget elementor-widget-heading\" data-id=\"49435659\" data-element_type=\"widget\" data-e-type=\"widget\" data-widget_type=\"heading.default\">\n\t\t\t\t<div class=\"elementor-widget-container\">\n\t\t\t\t\t<h1 class=\"elementor-heading-title elementor-size-default\">Ch\u00ednh s\u00e1ch b\u1ea3o h\u00e0nh<\/h1>\t\t\t\t<\/div>\n\t\t\t\t<\/div>\n\t\t\t\t\t<\/div>\n\t\t<\/div>\n\t\t\t\t\t<\/div>\n\t\t<\/section>\n\t\t\t\t<section class=\"elementor-section elementor-top-section elementor-element elementor-element-4efba7a elementor-section-boxed elementor-section-height-default elementor-section-height-default\" data-id=\"4efba7a\" data-element_type=\"section\" data-e-type=\"section\">\n\t\t\t\t\t\t<div class=\"elementor-container elementor-column-gap-default\">\n\t\t\t\t\t<div class=\"elementor-column elementor-col-100 elementor-top-column elementor-element elementor-element-734b181\" data-id=\"734b181\" data-element_type=\"column\" data-e-type=\"column\">\n\t\t\t<div class=\"elementor-widget-wrap elementor-element-populated\">\n\t\t\t\t\t\t<div class=\"elementor-element elementor-element-15af7a7 elementor-widget elementor-widget-heading\" data-id=\"15af7a7\" data-element_type=\"widget\" data-e-type=\"widget\" data-widget_type=\"heading.default\">\n\t\t\t\t<div class=\"elementor-widget-container\">\n\t\t\t\t\t<h4 class=\"elementor-heading-title elementor-size-default\">T\u00f4i c\u00f3 th\u1ec3 \u0111\u0103ng k\u00fd b\u1ea3o h\u00e0nh trong nh\u1eefng \u0111i\u1ec1u ki\u1ec7n n\u00e0o?\u200b<\/h4>\t\t\t\t<\/div>\n\t\t\t\t<\/div>\n\t\t\t\t\t<\/div>\n\t\t<\/div>\n\t\t\t\t\t<\/div>\n\t\t<\/section>\n\t\t\t\t<section class=\"elementor-section elementor-top-section elementor-element elementor-element-30fa5fc8 elementor-section-boxed elementor-section-height-default elementor-section-height-default\" data-id=\"30fa5fc8\" data-element_type=\"section\" data-e-type=\"section\">\n\t\t\t\t\t\t<div class=\"elementor-container elementor-column-gap-default\">\n\t\t\t\t\t<div class=\"elementor-column elementor-col-33 elementor-top-column elementor-element elementor-element-50df426e\" data-id=\"50df426e\" data-element_type=\"column\" data-e-type=\"column\" data-settings=\"{&quot;background_background&quot;:&quot;classic&quot;}\">\n\t\t\t<div class=\"elementor-widget-wrap elementor-element-populated\">\n\t\t\t\t\t\t<div class=\"elementor-element elementor-element-58cf2f8e elementor-widget elementor-widget-heading\" data-id=\"58cf2f8e\" data-element_type=\"widget\" data-e-type=\"widget\" data-widget_type=\"heading.default\">\n\t\t\t\t<div class=\"elementor-widget-container\">\n\t\t\t\t\t<h2 class=\"elementor-heading-title elementor-size-default\">01<\/h2>\t\t\t\t<\/div>\n\t\t\t\t<\/div>\n\t\t\t\t<div class=\"elementor-element elementor-element-191a4036 elementor-widget elementor-widget-heading\" data-id=\"191a4036\" data-element_type=\"widget\" data-e-type=\"widget\" data-widget_type=\"heading.default\">\n\t\t\t\t<div class=\"elementor-widget-container\">\n\t\t\t\t\t<h3 class=\"elementor-heading-title elementor-size-default\">N\u1ebfu s\u1ea3n ph\u1ea9m c\u00f2n trong th\u1eddi gian b\u1ea3o h\u00e0nh<\/h3>\t\t\t\t<\/div>\n\t\t\t\t<\/div>\n\t\t\t\t<div class=\"elementor-element elementor-element-796ef64 elementor-widget elementor-widget-text-editor\" data-id=\"796ef64\" data-element_type=\"widget\" data-e-type=\"widget\" data-widget_type=\"text-editor.default\">\n\t\t\t\t<div class=\"elementor-widget-container\">\n\t\t\t\t\t\t\t\t\t<p>Project Mars cung c\u1ea5p b\u1ea3o h\u00e0nh m\u1ed9t n\u0103m ho\u1eb7c thay th\u1ebf m\u1ed9t l\u1ea7n cho t\u1ea5t c\u1ea3 c\u00e1c s\u1ea3n ph\u1ea9m. Vui l\u00f2ng ki\u1ec3m tra phi\u1ebfu b\u1ea3o h\u00e0nh khi nh\u1eadn s\u1ea3n ph\u1ea9m. Trong th\u1eddi gian b\u1ea3o h\u00e0nh, mi\u1ec5n l\u00e0 h\u01b0 h\u1ecfng kh\u00f4ng ph\u1ea3i do y\u1ebfu t\u1ed1 con ng\u01b0\u1eddi g\u00e2y ra, ch\u00fang t\u00f4i s\u1ebd cung c\u1ea5p d\u1ecbch v\u1ee5 b\u1ea3o h\u00e0nh cho b\u1ea1n, \u0111\u1ea3m b\u1ea3o b\u1ea1n c\u00f3 th\u1ec3 y\u00ean t\u00e2m mua v\u00e0 y\u00ean t\u00e2m s\u1eed d\u1ee5ng. Th\u1eddi gian x\u1eed l\u00fd b\u1ea3o h\u00e0nh kho\u1ea3ng 5-7 ng\u00e0y.<\/p>\t\t\t\t\t\t\t\t<\/div>\n\t\t\t\t<\/div>\n\t\t\t\t\t<\/div>\n\t\t<\/div>\n\t\t\t\t<div class=\"elementor-column elementor-col-33 elementor-top-column elementor-element elementor-element-3055462e\" data-id=\"3055462e\" data-element_type=\"column\" data-e-type=\"column\" data-settings=\"{&quot;background_background&quot;:&quot;classic&quot;}\">\n\t\t\t<div class=\"elementor-widget-wrap elementor-element-populated\">\n\t\t\t\t\t\t<div class=\"elementor-element elementor-element-23d7ad19 elementor-widget elementor-widget-heading\" data-id=\"23d7ad19\" data-element_type=\"widget\" data-e-type=\"widget\" data-widget_type=\"heading.default\">\n\t\t\t\t<div class=\"elementor-widget-container\">\n\t\t\t\t\t<h2 class=\"elementor-heading-title elementor-size-default\">02<\/h2>\t\t\t\t<\/div>\n\t\t\t\t<\/div>\n\t\t\t\t<div class=\"elementor-element elementor-element-63b7c82d elementor-widget elementor-widget-heading\" data-id=\"63b7c82d\" data-element_type=\"widget\" data-e-type=\"widget\" data-widget_type=\"heading.default\">\n\t\t\t\t<div class=\"elementor-widget-container\">\n\t\t\t\t\t<h3 class=\"elementor-heading-title elementor-size-default\">N\u1ebfu s\u1ea3n ph\u1ea9m b\u1ecb h\u01b0 h\u1ecfng v\u00e0 kh\u00f4ng th\u1ec3 s\u1eed d\u1ee5ng trong th\u1eddi gian b\u1ea3o h\u00e0nh<\/h3>\t\t\t\t<\/div>\n\t\t\t\t<\/div>\n\t\t\t\t<div class=\"elementor-element elementor-element-2f5d3f35 elementor-widget elementor-widget-text-editor\" data-id=\"2f5d3f35\" data-element_type=\"widget\" data-e-type=\"widget\" data-widget_type=\"text-editor.default\">\n\t\t\t\t<div class=\"elementor-widget-container\">\n\t\t\t\t\t\t\t\t\t<p>Vui l\u00f2ng li\u00ean h\u1ec7 v\u1edbi s\u1ed1 d\u1ecbch v\u1ee5 kh\u00e1ch h\u00e0ng \u1edf m\u1eb7t sau c\u1ee7a th\u1ebb b\u1ea3o h\u00e0nh s\u1ea3n ph\u1ea9m \u0111\u1ec3 s\u1eeda ch\u1eefa ho\u1eb7c thay th\u1ebf. N\u1ebfu thi\u1ec7t h\u1ea1i do y\u1ebfu t\u1ed1 con ng\u01b0\u1eddi g\u00e2y ra, vui l\u00f2ng li\u00ean h\u1ec7 v\u1edbi b\u1ed9 ph\u1eadn ch\u0103m s\u00f3c kh\u00e1ch h\u00e0ng \u0111\u1ec3 th\u1ea3o lu\u1eadn. Chi ph\u00ed v\u1eadn chuy\u1ec3n \u0111\u1ec3 tr\u1ea3 l\u1ea1i s\u1ea3n ph\u1ea9m \u0111\u1ec3 s\u1eeda ch\u1eefa cho c\u00f4ng ty ch\u00fang t\u00f4i s\u1ebd do ng\u01b0\u1eddi ti\u00eau d\u00f9ng ch\u1ecbu. Vui l\u00f2ng g\u1eedi k\u00e8m theo th\u1ebb b\u1ea3o h\u00e0nh v\u00e0 th\u00f4ng tin li\u00ean h\u1ec7 khi tr\u1ea3 l\u1ea1i s\u1ea3n ph\u1ea9m v\u00e0 ghi ch\u00fa v\u1ea5n \u0111\u1ec1 v\u00e0o m\u1ed9t t\u1edd gi\u1ea5y \u0111\u1ec3 gi\u00fap b\u1ed9 ph\u1eadn s\u1eeda ch\u1eefa \u0111\u1ea9y nhanh qu\u00e1 tr\u00ecnh ki\u1ec3m tra.<\/p>\t\t\t\t\t\t\t\t<\/div>\n\t\t\t\t<\/div>\n\t\t\t\t\t<\/div>\n\t\t<\/div>\n\t\t\t\t<div class=\"elementor-column elementor-col-33 elementor-top-column elementor-element elementor-element-2ca79d1b\" data-id=\"2ca79d1b\" data-element_type=\"column\" data-e-type=\"column\" data-settings=\"{&quot;background_background&quot;:&quot;classic&quot;}\">\n\t\t\t<div class=\"elementor-widget-wrap elementor-element-populated\">\n\t\t\t\t\t\t<div class=\"elementor-element elementor-element-545078 elementor-widget elementor-widget-heading\" data-id=\"545078\" data-element_type=\"widget\" data-e-type=\"widget\" data-widget_type=\"heading.default\">\n\t\t\t\t<div class=\"elementor-widget-container\">\n\t\t\t\t\t<h2 class=\"elementor-heading-title elementor-size-default\">03<\/h2>\t\t\t\t<\/div>\n\t\t\t\t<\/div>\n\t\t\t\t<div class=\"elementor-element elementor-element-7c4e081d elementor-widget elementor-widget-heading\" data-id=\"7c4e081d\" data-element_type=\"widget\" data-e-type=\"widget\" data-widget_type=\"heading.default\">\n\t\t\t\t<div class=\"elementor-widget-container\">\n\t\t\t\t\t<h3 class=\"elementor-heading-title elementor-size-default\">N\u1ebfu s\u1ea3n ph\u1ea9m c\u1ee7a b\u1ea1n b\u1ecb h\u01b0 h\u1ecfng sau th\u1eddi gian b\u1ea3o h\u00e0nh<\/h3>\t\t\t\t<\/div>\n\t\t\t\t<\/div>\n\t\t\t\t<div class=\"elementor-element elementor-element-2714468a elementor-widget elementor-widget-text-editor\" data-id=\"2714468a\" data-element_type=\"widget\" data-e-type=\"widget\" data-widget_type=\"text-editor.default\">\n\t\t\t\t<div class=\"elementor-widget-container\">\n\t\t\t\t\t\t\t\t\t<p>B\u1ea1n c\u0169ng c\u00f3 th\u1ec3 li\u00ean h\u1ec7 v\u1edbi s\u1ed1 d\u1ecbch v\u1ee5 kh\u00e1ch h\u00e0ng \u1edf m\u1eb7t sau c\u1ee7a th\u1ebb b\u1ea3o h\u00e0nh \u0111\u1ec3 s\u1eeda ch\u1eefa. Ch\u00fang t\u00f4i s\u1ebd c\u1ea7n b\u1ea1n g\u1eedi l\u1ea1i s\u1ea3n ph\u1ea9m cho c\u00f4ng ty c\u1ee7a ch\u00fang t\u00f4i v\u00e0 chi ph\u00ed v\u1eadn chuy\u1ec3n s\u1ebd do ng\u01b0\u1eddi ti\u00eau d\u00f9ng ch\u1ecbu. Vui l\u00f2ng g\u1eedi k\u00e8m th\u1ebb b\u1ea3o h\u00e0nh v\u00e0 th\u00f4ng tin li\u00ean h\u1ec7 khi tr\u1ea3 l\u1ea1i s\u1ea3n ph\u1ea9m, \u0111\u1ed3ng th\u1eddi ghi ch\u00fa v\u1ea5n \u0111\u1ec1 v\u00e0o m\u1ed9t t\u1edd gi\u1ea5y \u0111\u1ec3 gi\u00fap b\u1ed9 ph\u1eadn s\u1eeda ch\u1eefa \u0111\u1ea9y nhanh qu\u00e1 tr\u00ecnh ki\u1ec3m tra. Th\u1eddi gian x\u1eed l\u00fd kho\u1ea3ng 5-7 ng\u00e0y l\u00e0m vi\u1ec7c. M\u1ed9t kho\u1ea3n ph\u00ed ch\u1ea9n \u0111o\u00e1n \u0111\u01b0\u1ee3c t\u00ednh cho qu\u00e1 tr\u00ecnh s\u1eeda ch\u1eefa. Ch\u00fang t\u00f4i s\u1ebd li\u00ean h\u1ec7 v\u1edbi b\u1ea1n qua \u0111i\u1ec7n tho\u1ea1i sau khi ch\u1ea9n \u0111o\u00e1n xong \u0111\u1ec3 b\u00e1o gi\u00e1 s\u1eeda ch\u1eefa. N\u1ebfu b\u1ea1n x\u00e1c nh\u1eadn s\u1eeda ch\u1eefa ho\u1eb7c trao \u0111\u1ed5i, ph\u00ed ch\u1ea9n \u0111o\u00e1n c\u00f3 th\u1ec3 \u0111\u01b0\u1ee3c \u00e1p d\u1ee5ng tr\u1ef1c ti\u1ebfp d\u01b0\u1edbi d\u1ea1ng chi\u1ebft kh\u1ea5u.<\/p>\t\t\t\t\t\t\t\t<\/div>\n\t\t\t\t<\/div>\n\t\t\t\t\t<\/div>\n\t\t<\/div>\n\t\t\t\t\t<\/div>\n\t\t<\/section>\n\t\t\t\t<\/div>","protected":false},"excerpt":{"rendered":"<p>Home After-sales service is the beginning of all experiences. Warranty Policy Under what conditions can I apply for warranty? \u200b 01 If the product is still within the warranty period Project Mars provides a one-year warranty or one-time replacement for all products. Please check for the warranty card upon receiving the product. Within the warranty &hellip;<\/p>\n<p class=\"read-more\"> <a class=\"\" href=\"https:\/\/projectmars.au\/vi\/warranty-policy\/\"> <span class=\"screen-reader-text\">ch\u00ednh s\u00e1ch b\u1ea3o h\u00e0nh<\/span> Read More &raquo;<\/a><\/p>","protected":false},"author":2145,"featured_media":0,"parent":0,"menu_order":0,"comment_status":"closed","ping_status":"closed","template":"elementor_header_footer","meta":{"site-sidebar-layout":"default","site-content-layout":"default","ast-global-header-display":"","ast-banner-title-visibility":"","ast-main-header-display":"","ast-hfb-above-header-display":"","ast-hfb-below-header-display":"","ast-hfb-mobile-header-display":"","site-post-title":"","ast-breadcrumbs-content":"","ast-featured-img":"","footer-sml-layout":"","theme-transparent-header-meta":"","adv-header-id-meta":"","stick-header-meta":"","header-above-stick-meta":"","header-main-stick-meta":"","header-below-stick-meta":"","footnotes":""},"class_list":["post-7785","page","type-page","status-publish","hentry"],"_links":{"self":[{"href":"https:\/\/projectmars.au\/vi\/wp-json\/wp\/v2\/pages\/7785","targetHints":{"allow":["GET"]}}],"collection":[{"href":"https:\/\/projectmars.au\/vi\/wp-json\/wp\/v2\/pages"}],"about":[{"href":"https:\/\/projectmars.au\/vi\/wp-json\/wp\/v2\/types\/page"}],"author":[{"embeddable":true,"href":"https:\/\/projectmars.au\/vi\/wp-json\/wp\/v2\/users\/2145"}],"replies":[{"embeddable":true,"href":"https:\/\/projectmars.au\/vi\/wp-json\/wp\/v2\/comments?post=7785"}],"version-history":[{"count":1,"href":"https:\/\/projectmars.au\/vi\/wp-json\/wp\/v2\/pages\/7785\/revisions"}],"predecessor-version":[{"id":30494,"href":"https:\/\/projectmars.au\/vi\/wp-json\/wp\/v2\/pages\/7785\/revisions\/30494"}],"wp:attachment":[{"href":"https:\/\/projectmars.au\/vi\/wp-json\/wp\/v2\/media?parent=7785"}],"curies":[{"name":"wp","href":"https:\/\/api.w.org\/{rel}","templated":true}]}}